{"id":4118,"date":"2024-03-01T11:12:50","date_gmt":"2024-03-01T11:12:50","guid":{"rendered":"https:\/\/alvaromars.eu\/?page_id=4118"},"modified":"2024-03-01T12:16:28","modified_gmt":"2024-03-01T12:16:28","slug":"aw24-at-lfw","status":"publish","type":"page","link":"https:\/\/alvaromars.eu\/es\/aw24-at-lfw\/","title":{"rendered":"AW24 AT LFW"},"content":{"rendered":"<p><div class=\"fusion-fullwidth fullwidth-box fusion-builder-row-1 fusion-flex-container nonhundred-percent-fullwidth non-hundred-percent-height-scrolling\" style=\"background-color: rgba(255,255,255,0);background-position: center center;background-repeat: no-repeat;border-width: 0px 0px 0px 0px;border-color:#e2e2e2;border-style:solid;\" ><div class=\"fusion-builder-row fusion-row fusion-flex-align-items-flex-start\" style=\"max-width:1248px;margin-left: calc(-4% \/ 2 );margin-right: calc(-4% \/ 2 );\"><div class=\"fusion-layout-column fusion_builder_column fusion-builder-column-0 fusion_builder_column_1_1 1_1 fusion-flex-column\"><div class=\"fusion-column-wrapper fusion-flex-justify-content-flex-start fusion-content-layout-column\" style=\"background-position:left top;background-repeat:no-repeat;-webkit-background-size:cover;-moz-background-size:cover;-o-background-size:cover;background-size:cover;padding: 0px 0px 0px 0px;\"><style type=\"text\/css\">@media only screen and (max-width:1024px) {.fusion-title.fusion-title-1{margin-top:10px!important; margin-right:0px!important;margin-bottom:80px!important;margin-left:0px!important;}}@media only screen and (max-width:640px) {.fusion-title.fusion-title-1{margin-top:10px!important; margin-right:0px!important;margin-bottom:50px!important; margin-left:0px!important;}}<\/style><div class=\"fusion-title title fusion-title-1 fusion-sep-none fusion-title-center fusion-title-text fusion-title-size-two\" style=\"margin-top:10px;margin-right:0px;margin-bottom:80px;margin-left:0px;\"><h2 class=\"title-heading-center\" style=\"margin:0;color:#ee2602;\">AW24 AT LFW<\/h2><\/div>\n<\/div><style type=\"text\/css\">.fusion-body .fusion-builder-column-0{width:100% !important;margin-top : 0px;margin-bottom : 20px;}.fusion-builder-column-0 > .fusion-column-wrapper {padding-top : 0px !important;padding-right : 0px !important;margin-right : 1.92%;padding-bottom : 0px !important;padding-left : 0px !important;margin-left : 1.92%;}@media only screen and (max-width:1024px) {.fusion-body .fusion-builder-column-0{width:100% !important;order : 0;}.fusion-builder-column-0 > .fusion-column-wrapper {margin-right : 1.92%;margin-left : 1.92%;}}@media only screen and (max-width:640px) {.fusion-body .fusion-builder-column-0{width:100% !important;order : 0;}.fusion-builder-column-0 > .fusion-column-wrapper {margin-right : 1.92%;margin-left : 1.92%;}}<\/style><\/div><\/div><style type=\"text\/css\">.fusion-body .fusion-flex-container.fusion-builder-row-1{ padding-top : 0px;margin-top : 0px;padding-right : 0px;padding-bottom : 0px;margin-bottom : 0px;padding-left : 0px;}<\/style><\/div><div class=\"fusion-fullwidth fullwidth-box fusion-builder-row-2 fusion-flex-container nonhundred-percent-fullwidth non-hundred-percent-height-scrolling\" style=\"background-color: rgba(255,255,255,0);background-position: center center;background-repeat: no-repeat;border-width: 0px 0px 0px 0px;border-color:#e2e2e2;border-style:solid;\" ><div class=\"fusion-builder-row fusion-row fusion-flex-align-items-flex-start fusion-flex-justify-content-center\" style=\"max-width:1248px;margin-left: calc(-4% \/ 2 );margin-right: calc(-4% \/ 2 );\"><div class=\"fusion-layout-column fusion_builder_column fusion-builder-column-1 fusion_builder_column_2_3 2_3 fusion-flex-column\"><div class=\"fusion-column-wrapper fusion-flex-justify-content-flex-start fusion-content-layout-column\" style=\"background-position:left top;background-repeat:no-repeat;-webkit-background-size:cover;-moz-background-size:cover;-o-background-size:cover;background-size:cover;padding: 0px 0px 0px 0px;\"><div class=\"fusion-text fusion-text-1 fusion-no-small-visibility\"><p style=\"text-align: center;\">Esta colecci\u00f3n trata de la moda en la que s\u00ed creo, la costura; la que me hizo so\u00f1ar y tiene la artesan\u00eda como pieza angular. La pregunta principal era: \u00bfqu\u00e9 es la alta costura en la \u00e9poca en que vivimos ahora?<br \/>\nEs un estudio de t\u00e9cnicas y vol\u00famenes cl\u00e1sicos de la alta costura aplicados a prendas que casi todo el mundo tiene en su propio armario, la alta costura fuera de contexto parece tan fresca.<br \/>\nEl aire espa\u00f1ol se nota en todos los looks, desde algunas siluetas hasta la deconstrucci\u00f3n con lunares; quer\u00eda rendir homenaje a la tradici\u00f3n y la artesan\u00eda de la alta costura espa\u00f1ola. La atenci\u00f3n se centra en la confecci\u00f3n; desde las estructuras hasta la interacci\u00f3n con el cuerpo, creando una ilusi\u00f3n de corseter\u00eda jugando con el relleno y la espuma.<br \/>\nTodos los materiales son de procedencia responsable, telas de desecho y restos de cuero de grandes casas de moda que producen en Espa\u00f1a.<\/p>\n<\/div><div class=\"fusion-text fusion-text-2 fusion-no-medium-visibility fusion-no-large-visibility\"><p style=\"text-align: center;\">Esta colecci\u00f3n trata de la moda en la que s\u00ed creo, la costura; la que me hizo so\u00f1ar y tiene la artesan\u00eda como pieza angular. La pregunta principal era: \u00bfqu\u00e9 es la alta costura en la \u00e9poca en que vivimos ahora?<br \/>\nEs un estudio de t\u00e9cnicas y vol\u00famenes cl\u00e1sicos de la alta costura aplicados a prendas que casi todo el mundo tiene en su propio armario, la alta costura fuera de contexto parece tan fresca.<br \/>\nEl aire espa\u00f1ol se nota en todos los looks, desde algunas siluetas hasta la deconstrucci\u00f3n con lunares; quer\u00eda rendir homenaje a la tradici\u00f3n y la artesan\u00eda de la alta costura espa\u00f1ola. La atenci\u00f3n se centra en la confecci\u00f3n; desde las estructuras hasta la interacci\u00f3n con el cuerpo, creando una ilusi\u00f3n de corseter\u00eda jugando con el relleno y la espuma.<br \/>\nTodos los materiales son de procedencia responsable, telas de desecho y restos de cuero de grandes casas de moda que producen en Espa\u00f1a.<\/p>\n<\/div><\/div><style type=\"text\/css\">.fusion-body .fusion-builder-column-1{width:66.666666666667% !important;margin-top : 0px;margin-bottom : 20px;}.fusion-builder-column-1 > .fusion-column-wrapper {padding-top : 0px !important;padding-right : 0px !important;margin-right : 2.88%;padding-bottom : 0px !important;padding-left : 0px !important;margin-left : 2.88%;}@media only screen and (max-width:1024px) {.fusion-body .fusion-builder-column-1{width:66.666666666667% !important;order : 0;}.fusion-builder-column-1 > .fusion-column-wrapper {margin-right : 2.88%;margin-left : 2.88%;}}@media only screen and (max-width:640px) {.fusion-body .fusion-builder-column-1{width:100% !important;order : 0;}.fusion-builder-column-1 > .fusion-column-wrapper {margin-right : 1.92%;margin-left : 1.92%;}}<\/style><\/div><div class=\"fusion-layout-column fusion_builder_column fusion-builder-column-2 fusion_builder_column_1_1 1_1 fusion-flex-column\"><div class=\"fusion-column-wrapper fusion-flex-justify-content-flex-start fusion-content-layout-column\" style=\"background-position:left top;background-repeat:no-repeat;-webkit-background-size:cover;-moz-background-size:cover;-o-background-size:cover;background-size:cover;padding: 0px 0px 0px 0px;\"><style type=\"text\/css\">.fusion-gallery-1 .fusion-gallery-image {border:0px solid #e2e2e2;}<\/style><div class=\"fusion-gallery fusion-gallery-container fusion-grid-4 fusion-columns-total-6 fusion-gallery-layout-grid fusion-gallery-1\" style=\"margin:-5px;\"><div style=\"padding:5px;\" class=\"fusion-grid-column fusion-gallery-column fusion-gallery-column-4 hover-type-none\"><div class=\"fusion-gallery-image\"><a href=\"https:\/\/alvaromars.eu\/wp-content\/uploads\/2024\/02\/AW24-01.jpg\" rel=\"noreferrer\" data-rel=\"iLightbox[gallery_image_1]\" class=\"fusion-lightbox\" target=\"_self\"><img src=\"https:\/\/alvaromars.eu\/wp-content\/uploads\/2024\/02\/AW24-01.jpg\" width=\"960\" height=\"1440\" alt=\"\" title=\"AW24 -01\" aria-label=\"AW24 -01\" class=\"img-responsive wp-image-3766\" srcset=\"https:\/\/alvaromars.eu\/wp-content\/uploads\/2024\/02\/AW24-01-200x300.jpg 200w, https:\/\/alvaromars.eu\/wp-content\/uploads\/2024\/02\/AW24-01-400x600.jpg 400w, https:\/\/alvaromars.eu\/wp-content\/uploads\/2024\/02\/AW24-01-600x900.jpg 600w, https:\/\/alvaromars.eu\/wp-content\/uploads\/2024\/02\/AW24-01-800x1200.jpg 800w, https:\/\/alvaromars.eu\/wp-content\/uploads\/2024\/02\/AW24-01.jpg 960w\" sizes=\"(min-width: 2200px) 100vw, (min-width: 856px) 296px, (min-width: 784px) 395px, (min-width: 712px) 593px, (min-width: 640px) 712px, \" \/><\/a><\/div><\/div><div style=\"padding:5px;\" class=\"fusion-grid-column fusion-gallery-column fusion-gallery-column-4 hover-type-none\"><div class=\"fusion-gallery-image\"><a href=\"https:\/\/alvaromars.eu\/wp-content\/uploads\/2024\/02\/AW24-02.jpg\" rel=\"noreferrer\" data-rel=\"iLightbox[gallery_image_1]\" class=\"fusion-lightbox\" target=\"_self\"><img src=\"https:\/\/alvaromars.eu\/wp-content\/uploads\/2024\/02\/AW24-02.jpg\" width=\"960\" height=\"1440\" alt=\"\" title=\"AW24-02\" aria-label=\"AW24-02\" class=\"img-responsive wp-image-3770\" srcset=\"https:\/\/alvaromars.eu\/wp-content\/uploads\/2024\/02\/AW24-02-200x300.jpg 200w, https:\/\/alvaromars.eu\/wp-content\/uploads\/2024\/02\/AW24-02-400x600.jpg 400w, https:\/\/alvaromars.eu\/wp-content\/uploads\/2024\/02\/AW24-02-600x900.jpg 600w, https:\/\/alvaromars.eu\/wp-content\/uploads\/2024\/02\/AW24-02-800x1200.jpg 800w, https:\/\/alvaromars.eu\/wp-content\/uploads\/2024\/02\/AW24-02.jpg 960w\" sizes=\"(min-width: 2200px) 100vw, (min-width: 856px) 296px, (min-width: 784px) 395px, (min-width: 712px) 593px, (min-width: 640px) 712px, \" \/><\/a><\/div><\/div><div style=\"padding:5px;\" class=\"fusion-grid-column fusion-gallery-column fusion-gallery-column-4 hover-type-none\"><div class=\"fusion-gallery-image\"><a href=\"https:\/\/alvaromars.eu\/wp-content\/uploads\/2024\/02\/AW24-03.jpg\" rel=\"noreferrer\" data-rel=\"iLightbox[gallery_image_1]\" class=\"fusion-lightbox\" target=\"_self\"><img src=\"https:\/\/alvaromars.eu\/wp-content\/uploads\/2024\/02\/AW24-03.jpg\" width=\"960\" height=\"1440\" alt=\"\" title=\"AW24-03\" aria-label=\"AW24-03\" class=\"img-responsive wp-image-3772\" srcset=\"https:\/\/alvaromars.eu\/wp-content\/uploads\/2024\/02\/AW24-03-200x300.jpg 200w, https:\/\/alvaromars.eu\/wp-content\/uploads\/2024\/02\/AW24-03-400x600.jpg 400w, https:\/\/alvaromars.eu\/wp-content\/uploads\/2024\/02\/AW24-03-600x900.jpg 600w, https:\/\/alvaromars.eu\/wp-content\/uploads\/2024\/02\/AW24-03-800x1200.jpg 800w, https:\/\/alvaromars.eu\/wp-content\/uploads\/2024\/02\/AW24-03.jpg 960w\" sizes=\"(min-width: 2200px) 100vw, (min-width: 856px) 296px, (min-width: 784px) 395px, (min-width: 712px) 593px, (min-width: 640px) 712px, \" \/><\/a><\/div><\/div><div style=\"padding:5px;\" class=\"fusion-grid-column fusion-gallery-column fusion-gallery-column-4 hover-type-none\"><div class=\"fusion-gallery-image\"><a href=\"https:\/\/alvaromars.eu\/wp-content\/uploads\/2024\/02\/AW24-04.jpg\" rel=\"noreferrer\" data-rel=\"iLightbox[gallery_image_1]\" class=\"fusion-lightbox\" target=\"_self\"><img src=\"https:\/\/alvaromars.eu\/wp-content\/uploads\/2024\/02\/AW24-04.jpg\" width=\"960\" height=\"1440\" alt=\"\" title=\"AW24-04\" aria-label=\"AW24-04\" class=\"img-responsive wp-image-3774\" srcset=\"https:\/\/alvaromars.eu\/wp-content\/uploads\/2024\/02\/AW24-04-200x300.jpg 200w, https:\/\/alvaromars.eu\/wp-content\/uploads\/2024\/02\/AW24-04-400x600.jpg 400w, https:\/\/alvaromars.eu\/wp-content\/uploads\/2024\/02\/AW24-04-600x900.jpg 600w, https:\/\/alvaromars.eu\/wp-content\/uploads\/2024\/02\/AW24-04-800x1200.jpg 800w, https:\/\/alvaromars.eu\/wp-content\/uploads\/2024\/02\/AW24-04.jpg 960w\" sizes=\"(min-width: 2200px) 100vw, (min-width: 856px) 296px, (min-width: 784px) 395px, (min-width: 712px) 593px, (min-width: 640px) 712px, \" \/><\/a><\/div><\/div><div class=\"clearfix\"><\/div><div style=\"padding:5px;\" class=\"fusion-grid-column fusion-gallery-column fusion-gallery-column-4 hover-type-none\"><div class=\"fusion-gallery-image\"><a href=\"https:\/\/alvaromars.eu\/wp-content\/uploads\/2024\/02\/AW24-05.jpg\" rel=\"noreferrer\" data-rel=\"iLightbox[gallery_image_1]\" class=\"fusion-lightbox\" target=\"_self\"><img src=\"https:\/\/alvaromars.eu\/wp-content\/uploads\/2024\/02\/AW24-05.jpg\" width=\"960\" height=\"1440\" alt=\"\" title=\"AW24-05\" aria-label=\"AW24-05\" class=\"img-responsive wp-image-3776\" srcset=\"https:\/\/alvaromars.eu\/wp-content\/uploads\/2024\/02\/AW24-05-200x300.jpg 200w, https:\/\/alvaromars.eu\/wp-content\/uploads\/2024\/02\/AW24-05-400x600.jpg 400w, https:\/\/alvaromars.eu\/wp-content\/uploads\/2024\/02\/AW24-05-600x900.jpg 600w, https:\/\/alvaromars.eu\/wp-content\/uploads\/2024\/02\/AW24-05-800x1200.jpg 800w, https:\/\/alvaromars.eu\/wp-content\/uploads\/2024\/02\/AW24-05.jpg 960w\" sizes=\"(min-width: 2200px) 100vw, (min-width: 856px) 296px, (min-width: 784px) 395px, (min-width: 712px) 593px, (min-width: 640px) 712px, \" \/><\/a><\/div><\/div><div style=\"padding:5px;\" class=\"fusion-grid-column fusion-gallery-column fusion-gallery-column-4 hover-type-none\"><div class=\"fusion-gallery-image\"><a href=\"https:\/\/alvaromars.eu\/wp-content\/uploads\/2024\/02\/AW24-06.jpg\" rel=\"noreferrer\" data-rel=\"iLightbox[gallery_image_1]\" class=\"fusion-lightbox\" target=\"_self\"><img src=\"https:\/\/alvaromars.eu\/wp-content\/uploads\/2024\/02\/AW24-06.jpg\" width=\"960\" height=\"1440\" alt=\"\" title=\"AW24-06\" aria-label=\"AW24-06\" class=\"img-responsive wp-image-3778\" srcset=\"https:\/\/alvaromars.eu\/wp-content\/uploads\/2024\/02\/AW24-06-200x300.jpg 200w, https:\/\/alvaromars.eu\/wp-content\/uploads\/2024\/02\/AW24-06-400x600.jpg 400w, https:\/\/alvaromars.eu\/wp-content\/uploads\/2024\/02\/AW24-06-600x900.jpg 600w, https:\/\/alvaromars.eu\/wp-content\/uploads\/2024\/02\/AW24-06-800x1200.jpg 800w, https:\/\/alvaromars.eu\/wp-content\/uploads\/2024\/02\/AW24-06.jpg 960w\" sizes=\"(min-width: 2200px) 100vw, (min-width: 856px) 296px, (min-width: 784px) 395px, (min-width: 712px) 593px, (min-width: 640px) 712px, \" \/><\/a><\/div><\/div><\/div><\/div><style type=\"text\/css\">.fusion-body .fusion-builder-column-2{width:100% !important;margin-top : 0px;margin-bottom : 20px;}.fusion-builder-column-2 > .fusion-column-wrapper {padding-top : 0px !important;padding-right : 0px !important;margin-right : 1.92%;padding-bottom : 0px !important;padding-left : 0px !important;margin-left : 1.92%;}@media only screen and (max-width:1024px) {.fusion-body .fusion-builder-column-2{width:100% !important;order : 0;}.fusion-builder-column-2 > .fusion-column-wrapper {margin-right : 1.92%;margin-left : 1.92%;}}@media only screen and (max-width:640px) {.fusion-body .fusion-builder-column-2{width:100% !important;order : 0;}.fusion-builder-column-2 > .fusion-column-wrapper {margin-right : 1.92%;margin-left : 1.92%;}}<\/style><\/div><\/div><style type=\"text\/css\">.fusion-body .fusion-flex-container.fusion-builder-row-2{ padding-top : 0px;margin-top : 0px;padding-right : 0px;padding-bottom : 0px;margin-bottom : 100px;padding-left : 0px;}<\/style><\/div><\/p>\n","protected":false},"excerpt":{"rendered":"","protected":false},"author":3,"featured_media":0,"parent":0,"menu_order":0,"comment_status":"closed","ping_status":"closed","template":"","meta":[],"acf":[],"_links":{"self":[{"href":"https:\/\/alvaromars.eu\/es\/wp-json\/wp\/v2\/pages\/4118"}],"collection":[{"href":"https:\/\/alvaromars.eu\/es\/wp-json\/wp\/v2\/pages"}],"about":[{"href":"https:\/\/alvaromars.eu\/es\/wp-json\/wp\/v2\/types\/page"}],"author":[{"embeddable":true,"href":"https:\/\/alvaromars.eu\/es\/wp-json\/wp\/v2\/users\/3"}],"replies":[{"embeddable":true,"href":"https:\/\/alvaromars.eu\/es\/wp-json\/wp\/v2\/comments?post=4118"}],"version-history":[{"count":2,"href":"https:\/\/alvaromars.eu\/es\/wp-json\/wp\/v2\/pages\/4118\/revisions"}],"predecessor-version":[{"id":4224,"href":"https:\/\/alvaromars.eu\/es\/wp-json\/wp\/v2\/pages\/4118\/revisions\/4224"}],"wp:attachment":[{"href":"https:\/\/alvaromars.eu\/es\/wp-json\/wp\/v2\/media?parent=4118"}],"curies":[{"name":"wp","href":"https:\/\/api.w.org\/{rel}","templated":true}]}}