{"id":3163,"date":"2021-11-28T19:22:05","date_gmt":"2021-11-28T19:22:05","guid":{"rendered":"https:\/\/alvaromars.eu\/alvaro-mars-bio\/"},"modified":"2024-03-01T10:29:58","modified_gmt":"2024-03-01T10:29:58","slug":"alvaro-mars-bio-es","status":"publish","type":"page","link":"https:\/\/alvaromars.eu\/es\/alvaro-mars-bio-es\/","title":{"rendered":"ABOUT"},"content":{"rendered":"<p><div class=\"fusion-fullwidth fullwidth-box fusion-builder-row-1 fusion-flex-container nonhundred-percent-fullwidth non-hundred-percent-height-scrolling\" style=\"background-color: rgba(255,255,255,0);background-position: center center;background-repeat: no-repeat;border-width: 0px 0px 0px 0px;border-color:#e2e2e2;border-style:solid;\" ><div class=\"fusion-builder-row fusion-row fusion-flex-align-items-flex-start\" style=\"max-width:1248px;margin-left: calc(-4% \/ 2 );margin-right: calc(-4% \/ 2 );\"><div class=\"fusion-layout-column fusion_builder_column fusion-builder-column-0 fusion_builder_column_1_1 1_1 fusion-flex-column\"><div class=\"fusion-column-wrapper fusion-flex-justify-content-flex-start fusion-content-layout-column\" style=\"background-position:left top;background-repeat:no-repeat;-webkit-background-size:cover;-moz-background-size:cover;-o-background-size:cover;background-size:cover;padding: 0px 0px 0px 0px;\"><style type=\"text\/css\">@media only screen and (max-width:1024px) {.fusion-title.fusion-title-1{margin-top:10px!important; margin-right:0px!important;margin-bottom:15px!important;margin-left:0px!important;}}@media only screen and (max-width:640px) {.fusion-title.fusion-title-1{margin-top:10px!important; margin-right:0px!important;margin-bottom:10px!important; margin-left:0px!important;}}<\/style><div class=\"fusion-title title fusion-title-1 fusion-sep-none fusion-title-center fusion-title-text fusion-title-size-two\" style=\"font-size:25px;margin-top:10px;margin-right:0px;margin-bottom:15px;margin-left:0px;\"><h2 class=\"title-heading-center\" style=\"margin:0;font-size:1em;text-transform:uppercase;\">ABOUT<\/h2><\/div><\/div><style type=\"text\/css\">.fusion-body .fusion-builder-column-0{width:100% !important;margin-top : 0px;margin-bottom : 20px;}.fusion-builder-column-0 > .fusion-column-wrapper {padding-top : 0px !important;padding-right : 0px !important;margin-right : 1.92%;padding-bottom : 0px !important;padding-left : 0px !important;margin-left : 1.92%;}@media only screen and (max-width:1024px) {.fusion-body .fusion-builder-column-0{width:100% !important;order : 0;}.fusion-builder-column-0 > .fusion-column-wrapper {margin-right : 1.92%;margin-left : 1.92%;}}@media only screen and (max-width:640px) {.fusion-body .fusion-builder-column-0{width:100% !important;order : 0;}.fusion-builder-column-0 > .fusion-column-wrapper {margin-right : 1.92%;margin-left : 1.92%;}}<\/style><\/div><\/div><style type=\"text\/css\">.fusion-fullwidth.fusion-builder-row-1 a:not(.awb-custom-text-color):not(.fusion-button):not(.fusion-builder-module-control):not(.fusion-social-network-icon):not(.fb-icon-element):not(.fusion-countdown-link):not(.fusion-rollover-link):not(.fusion-rollover-gallery):not(.fusion-button-bar):not(.add_to_cart_button):not(.show_details_button):not(.product_type_external):not(.fusion-view-cart):not(.fusion-quick-view):not(.fusion-rollover-title-link):not(.fusion-breadcrumb-link) , .fusion-fullwidth.fusion-builder-row-1 a:not(.awb-custom-text-color):not(.fusion-button):not(.fusion-builder-module-control):not(.fusion-social-network-icon):not(.fb-icon-element):not(.fusion-countdown-link):not(.fusion-rollover-link):not(.fusion-rollover-gallery):not(.fusion-button-bar):not(.add_to_cart_button):not(.show_details_button):not(.product_type_external):not(.fusion-view-cart):not(.fusion-quick-view):not(.fusion-rollover-title-link):not(.fusion-breadcrumb-link):before, .fusion-fullwidth.fusion-builder-row-1 a:not(.awb-custom-text-color):not(.fusion-button):not(.fusion-builder-module-control):not(.fusion-social-network-icon):not(.fb-icon-element):not(.fusion-countdown-link):not(.fusion-rollover-link):not(.fusion-rollover-gallery):not(.fusion-button-bar):not(.add_to_cart_button):not(.show_details_button):not(.product_type_external):not(.fusion-view-cart):not(.fusion-quick-view):not(.fusion-rollover-title-link):not(.fusion-breadcrumb-link):after {color: #f44336;}.fusion-fullwidth.fusion-builder-row-1 a:not(.awb-custom-text-hover-color):not(.fusion-button):not(.fusion-builder-module-control):not(.fusion-social-network-icon):not(.fb-icon-element):not(.fusion-countdown-link):not(.fusion-rollover-link):not(.fusion-rollover-gallery):not(.fusion-button-bar):not(.add_to_cart_button):not(.show_details_button):not(.product_type_external):not(.fusion-view-cart):not(.fusion-quick-view):not(.fusion-rollover-title-link):not(.fusion-breadcrumb-link):hover, .fusion-fullwidth.fusion-builder-row-1 a:not(.awb-custom-text-hover-color):not(.fusion-button):not(.fusion-builder-module-control):not(.fusion-social-network-icon):not(.fb-icon-element):not(.fusion-countdown-link):not(.fusion-rollover-link):not(.fusion-rollover-gallery):not(.fusion-button-bar):not(.add_to_cart_button):not(.show_details_button):not(.product_type_external):not(.fusion-view-cart):not(.fusion-quick-view):not(.fusion-rollover-title-link):not(.fusion-breadcrumb-link):hover:before, .fusion-fullwidth.fusion-builder-row-1 a:not(.awb-custom-text-hover-color):not(.fusion-button):not(.fusion-builder-module-control):not(.fusion-social-network-icon):not(.fb-icon-element):not(.fusion-countdown-link):not(.fusion-rollover-link):not(.fusion-rollover-gallery):not(.fusion-button-bar):not(.add_to_cart_button):not(.show_details_button):not(.product_type_external):not(.fusion-view-cart):not(.fusion-quick-view):not(.fusion-rollover-title-link):not(.fusion-breadcrumb-link):hover:after {color: #f44336;}.fusion-fullwidth.fusion-builder-row-1 .pagination a.inactive:hover, .fusion-fullwidth.fusion-builder-row-1 .fusion-filters .fusion-filter.fusion-active a {border-color: #f44336;}.fusion-fullwidth.fusion-builder-row-1 .pagination .current {border-color: #f44336; background-color: #f44336;}.fusion-fullwidth.fusion-builder-row-1 .fusion-filters .fusion-filter.fusion-active a, .fusion-fullwidth.fusion-builder-row-1 .fusion-date-and-formats .fusion-format-box, .fusion-fullwidth.fusion-builder-row-1 .fusion-popover, .fusion-fullwidth.fusion-builder-row-1 .tooltip-shortcode {color: #f44336;}#wrapper .fusion-fullwidth.fusion-builder-row-1 .fusion-widget-area .fusion-vertical-menu-widget .menu li.current_page_ancestor > a, #wrapper .fusion-fullwidth.fusion-builder-row-1 .fusion-widget-area .fusion-vertical-menu-widget .menu li.current_page_ancestor > a:before, #wrapper .fusion-fullwidth.fusion-builder-row-1 .fusion-widget-area .fusion-vertical-menu-widget .current-menu-item > a, #wrapper .fusion-fullwidth.fusion-builder-row-1 .fusion-widget-area .fusion-vertical-menu-widget .current-menu-item > a:before, #wrapper .fusion-fullwidth.fusion-builder-row-1 .fusion-widget-area .fusion-vertical-menu-widget .current_page_item > a, #wrapper .fusion-fullwidth.fusion-builder-row-1 .fusion-widget-area .fusion-vertical-menu-widget .current_page_item > a:before {color: #f44336;}#wrapper .fusion-fullwidth.fusion-builder-row-1 .fusion-widget-area .widget_nav_menu .menu li.current_page_ancestor > a, #wrapper .fusion-fullwidth.fusion-builder-row-1 .fusion-widget-area .widget_nav_menu .menu li.current_page_ancestor > a:before, #wrapper .fusion-fullwidth.fusion-builder-row-1 .fusion-widget-area .widget_nav_menu .current-menu-item > a, #wrapper .fusion-fullwidth.fusion-builder-row-1 .fusion-widget-area .widget_nav_menu .current-menu-item > a:before, #wrapper .fusion-fullwidth.fusion-builder-row-1 .fusion-widget-area .widget_nav_menu .current_page_item > a, #wrapper .fusion-fullwidth.fusion-builder-row-1 .fusion-widget-area .widget_nav_menu .current_page_item > a:before {color: #f44336;}#wrapper .fusion-fullwidth.fusion-builder-row-1 .fusion-vertical-menu-widget .menu li.current_page_item > a { border-right-color:#f44336;border-left-color:#f44336;}#wrapper .fusion-fullwidth.fusion-builder-row-1 .fusion-widget-area .tagcloud a:hover { color: #fff; background-color: #f44336;border-color: #f44336;}#main .fusion-fullwidth.fusion-builder-row-1 .post .blog-shortcode-post-title a:hover {color: #f44336;}.fusion-body .fusion-flex-container.fusion-builder-row-1{ padding-top : 0px;margin-top : 0px;padding-right : 0px;padding-bottom : 0px;margin-bottom : 0px;padding-left : 0px;}<\/style><\/div><div class=\"fusion-fullwidth fullwidth-box fusion-builder-row-2 fusion-flex-container nonhundred-percent-fullwidth non-hundred-percent-height-scrolling\" style=\"background-color: rgba(255,255,255,0);background-position: center center;background-repeat: no-repeat;border-width: 0px 0px 0px 0px;border-color:#e2e2e2;border-style:solid;\" ><div class=\"fusion-builder-row fusion-row fusion-flex-align-items-flex-start fusion-flex-justify-content-center\" style=\"max-width:1248px;margin-left: calc(-4% \/ 2 );margin-right: calc(-4% \/ 2 );\"><div class=\"fusion-layout-column fusion_builder_column fusion-builder-column-1 fusion_builder_column_1_4 1_4 fusion-flex-column\"><div class=\"fusion-column-wrapper fusion-flex-justify-content-flex-start fusion-content-layout-column\" style=\"background-position:left top;background-repeat:no-repeat;-webkit-background-size:cover;-moz-background-size:cover;-o-background-size:cover;background-size:cover;padding: 0px 0px 0px 0px;\"><div style=\"text-align:center;\"><span class=\" fusion-imageframe imageframe-none imageframe-1 hover-type-none\"><img width=\"300\" height=\"300\" title=\"IMG_0758\" src=\"https:\/\/alvaromars.eu\/wp-content\/uploads\/2024\/02\/IMG_0758-300x300.jpg\" alt class=\"img-responsive wp-image-3840\" srcset=\"https:\/\/alvaromars.eu\/wp-content\/uploads\/2024\/02\/IMG_0758-200x200.jpg 200w, https:\/\/alvaromars.eu\/wp-content\/uploads\/2024\/02\/IMG_0758-400x400.jpg 400w, https:\/\/alvaromars.eu\/wp-content\/uploads\/2024\/02\/IMG_0758-600x600.jpg 600w, https:\/\/alvaromars.eu\/wp-content\/uploads\/2024\/02\/IMG_0758-800x800.jpg 800w, https:\/\/alvaromars.eu\/wp-content\/uploads\/2024\/02\/IMG_0758.jpg 960w\" sizes=\"(max-width: 640px) 100vw, 400px\" \/><\/span><\/div><\/div><style type=\"text\/css\">.fusion-body .fusion-builder-column-1{width:25% !important;margin-top : 0px;margin-bottom : 20px;}.fusion-builder-column-1 > .fusion-column-wrapper {padding-top : 0px !important;padding-right : 0px !important;margin-right : 7.68%;padding-bottom : 0px !important;padding-left : 0px !important;margin-left : 7.68%;}@media only screen and (max-width:1024px) {.fusion-body .fusion-builder-column-1{width:25% !important;order : 0;}.fusion-builder-column-1 > .fusion-column-wrapper {margin-right : 7.68%;margin-left : 7.68%;}}@media only screen and (max-width:640px) {.fusion-body .fusion-builder-column-1{width:50% !important;order : 0;}.fusion-builder-column-1 > .fusion-column-wrapper {margin-right : 3.84%;margin-left : 3.84%;}}<\/style><\/div><div class=\"fusion-layout-column fusion_builder_column fusion-builder-column-2 fusion_builder_column_2_3 2_3 fusion-flex-column\"><div class=\"fusion-column-wrapper fusion-flex-justify-content-flex-start fusion-content-layout-column\" style=\"background-position:left top;background-repeat:no-repeat;-webkit-background-size:cover;-moz-background-size:cover;-o-background-size:cover;background-size:cover;padding: 0px 0px 0px 0px;\"><div class=\"fusion-text fusion-text-1 fusion-no-small-visibility\"><p><strong>Alvaro Mars<\/strong> (\u00c1lvaro Mart\u00ednez) nacido en Orihuela (Alicante, Espa\u00f1a), en 1998, es un dise\u00f1ador espa\u00f1ol y director creativo\/fundador<br \/>\nde Alvaro Mars.<\/p>\n<p>Desde muy peque\u00f1o fue muy sensible a las artes pl\u00e1sticas y a los est\u00edmulos est\u00e9ticos.<\/p>\n<p>Estudi\u00f3 Dise\u00f1o de Moda y Bellas Artes en la Universidad de Westminster y en el IED Barcelona. Al finalizar sus estudios de moda, gan\u00f3 el premio Global talents a nivel mundial (2019) y empez\u00f3 a trabajar en su propia marca.<\/p>\n<p>Desde ese momento ha llevado la marca desfilando en Rusia, Espa\u00f1a y la semana de la moda de Londres consiguiendo diferentes premios como el Fashion Directory (2020), Selected designer by the BFC (2021) y Best emerging brand\/designer at a Spanish Fashion Festival. Ha realizado un MA en Central Saint Martins 2023\/2024 y colaborado con marcas como Dr Martens.<\/p>\n<p>\u00abCreo que la moda es lo que estaba destinada a ser. Recuerdo que de peque\u00f1a me pasaba las tardes dibujando, dibujando a la misma chica con diferentes atuendos sin tener ni idea de lo que hac\u00eda, sin tener conciencia de la moda. Una vez vino mi madre y me pregunt\u00f3 si quer\u00eda ser dise\u00f1adora; yo no ten\u00eda ni idea de lo que era un dise\u00f1ador de moda, lo \u00fanico que ten\u00eda claro era que quer\u00eda pasarme la vida dibujando ropa llenando cuadernos y libretas. No ten\u00eda una formaci\u00f3n que<br \/>\nfavoreciera la creatividad, el arte o la moda, aun as\u00ed mi imaginario estaba lleno de s\u00edmbolos, referencias e influencias que me han construido como dise\u00f1adora.<\/p>\n<p>No puedo entender la moda como una industria que crea ropa; ha sido mi paisaje, mi pasi\u00f3n, mi mundo toda mi vida. Necesitaba encontrar el sentido a todo ese sinsentido, y mi reacci\u00f3n fue volver a los or\u00edgenes para reencontrar mi identidad. No puedo evitar mis ra\u00edces y mi imaginario cuando son mi principal fuente de inspiraci\u00f3n, traducir mi esencia en creaciones tangibles es lo que me apasiona de esta profesi\u00f3n. Por eso estoy tomando esta direcci\u00f3n, voy a exaltar e ironizar mi esencia volviendo a las ra\u00edces inspir\u00e1ndome en ellas con pasi\u00f3n y dedicaci\u00f3n. Volver a los or\u00edgenes creando algo contempor\u00e1neo, esa es la forma que he encontrado para desarrollarme como creativo.\u00bb<\/p>\n<\/div><div class=\"fusion-text fusion-text-2 fusion-no-medium-visibility fusion-no-large-visibility\"><p style=\"text-align: center;\"><strong>Alvaro Mars<\/strong> (\u00c1lvaro Mart\u00ednez) nacido en Orihuela (Alicante, Espa\u00f1a), en 1998, es un dise\u00f1ador espa\u00f1ol y director creativo\/fundador<br \/>\nde Alvaro Mars.<\/p>\n<p style=\"text-align: center;\">Desde muy peque\u00f1o fue muy sensible a las artes pl\u00e1sticas y a los est\u00edmulos est\u00e9ticos.<\/p>\n<p style=\"text-align: center;\">Estudi\u00f3 Dise\u00f1o de Moda y Bellas Artes en la Universidad de Westminster y en el IED Barcelona. Al finalizar sus estudios de moda, gan\u00f3 el premio Global talents a nivel mundial (2019) y empez\u00f3 a trabajar en su propia marca.<\/p>\n<p style=\"text-align: center;\">Desde ese momento ha llevado la marca desfilando en Rusia, Espa\u00f1a y la semana de la moda de Londres consiguiendo diferentes premios como el Fashion Directory (2020), Selected designer by the BFC (2021) y Best emerging brand\/designer at a Spanish Fashion Festival. Ha realizado un MA en Central Saint Martins 2023\/2024 y colaborado con marcas como Dr Martens.<\/p>\n<p style=\"text-align: center;\">\u00abCreo que la moda es lo que estaba destinada a ser. Recuerdo que de peque\u00f1a me pasaba las tardes dibujando, dibujando a la misma chica con diferentes atuendos sin tener ni idea de lo que hac\u00eda, sin tener conciencia de la moda. Una vez vino mi madre y me pregunt\u00f3 si quer\u00eda ser dise\u00f1adora; yo no ten\u00eda ni idea de lo que era un dise\u00f1ador de moda, lo \u00fanico que ten\u00eda claro era que quer\u00eda pasarme la vida dibujando ropa llenando cuadernos y libretas. No ten\u00eda una formaci\u00f3n que<br \/>\nfavoreciera la creatividad, el arte o la moda, aun as\u00ed mi imaginario estaba lleno de s\u00edmbolos, referencias e influencias que me han construido como dise\u00f1adora.<\/p>\n<p style=\"text-align: center;\">No puedo entender la moda como una industria que crea ropa; ha sido mi paisaje, mi pasi\u00f3n, mi mundo toda mi vida. Necesitaba encontrar el sentido a todo ese sinsentido, y mi reacci\u00f3n fue volver a los or\u00edgenes para reencontrar mi identidad. No puedo evitar mis ra\u00edces y mi imaginario cuando son mi principal fuente de inspiraci\u00f3n, traducir mi esencia en creaciones tangibles es lo que me apasiona de esta profesi\u00f3n. Por eso estoy tomando esta direcci\u00f3n, voy a exaltar e ironizar mi esencia volviendo a las ra\u00edces inspir\u00e1ndome en ellas con pasi\u00f3n y dedicaci\u00f3n. Volver a los or\u00edgenes creando algo contempor\u00e1neo, esa es la forma que he encontrado para desarrollarme como creativo.\u00bb<\/p>\n<\/div><\/div><style type=\"text\/css\">.fusion-body .fusion-builder-column-2{width:66.666666666667% !important;margin-top : 0px;margin-bottom : 50px;}.fusion-builder-column-2 > .fusion-column-wrapper {padding-top : 0px !important;padding-right : 0px !important;margin-right : 2.88%;padding-bottom : 0px !important;padding-left : 0px !important;margin-left : 2.88%;}@media only screen and (max-width:1024px) {.fusion-body .fusion-builder-column-2{width:66.666666666667% !important;order : 0;}.fusion-builder-column-2 > .fusion-column-wrapper {margin-right : 2.88%;margin-left : 2.88%;}}@media only screen and (max-width:640px) {.fusion-body .fusion-builder-column-2{width:100% !important;order : 0;}.fusion-builder-column-2 > .fusion-column-wrapper {margin-right : 1.92%;margin-left : 1.92%;}}<\/style><\/div><\/div><style type=\"text\/css\">.fusion-body .fusion-flex-container.fusion-builder-row-2{ padding-top : 50px;margin-top : 0px;padding-right : 0px;padding-bottom : 0px;margin-bottom : 0px;padding-left : 0px;min-height:65vh;}<\/style><\/div><div class=\"fusion-fullwidth fullwidth-box fusion-builder-row-3 fusion-flex-container nonhundred-percent-fullwidth non-hundred-percent-height-scrolling\" style=\"background-color: rgba(255,255,255,0);background-position: center center;background-repeat: no-repeat;border-width: 0px 0px 0px 0px;border-color:#e2e2e2;border-style:solid;\" ><div class=\"fusion-builder-row fusion-row fusion-flex-align-items-flex-start\" style=\"max-width:1248px;margin-left: calc(-4% \/ 2 );margin-right: calc(-4% \/ 2 );\"><div class=\"fusion-layout-column fusion_builder_column fusion-builder-column-3 fusion_builder_column_1_1 1_1 fusion-flex-column\"><div class=\"fusion-column-wrapper fusion-flex-justify-content-flex-start fusion-content-layout-column\" style=\"background-position:left top;background-repeat:no-repeat;-webkit-background-size:cover;-moz-background-size:cover;-o-background-size:cover;background-size:cover;padding: 0px 0px 0px 0px;\"><div class=\"fusion-text fusion-text-3\"><\/div><\/div><style type=\"text\/css\">.fusion-body .fusion-builder-column-3{width:100% !important;margin-top : 0px;margin-bottom : 0px;}.fusion-builder-column-3 > .fusion-column-wrapper {padding-top : 0px !important;padding-right : 0px !important;margin-right : 1.92%;padding-bottom : 0px !important;padding-left : 0px !important;margin-left : 1.92%;}@media only screen and (max-width:1024px) {.fusion-body .fusion-builder-column-3{width:100% !important;}.fusion-builder-column-3 > .fusion-column-wrapper {margin-right : 1.92%;margin-left : 1.92%;}}@media only screen and (max-width:640px) {.fusion-body .fusion-builder-column-3{width:100% !important;}.fusion-builder-column-3 > .fusion-column-wrapper {margin-right : 1.92%;margin-left : 1.92%;}}<\/style><\/div><\/div><style type=\"text\/css\">.fusion-body .fusion-flex-container.fusion-builder-row-3{ padding-top : 0px;margin-top : 0px;padding-right : 0px;padding-bottom : 0px;margin-bottom : 0px;padding-left : 0px;}<\/style><\/div><\/p>\n","protected":false},"excerpt":{"rendered":"","protected":false},"author":1,"featured_media":0,"parent":0,"menu_order":0,"comment_status":"closed","ping_status":"closed","template":"","meta":[],"acf":[],"_links":{"self":[{"href":"https:\/\/alvaromars.eu\/es\/wp-json\/wp\/v2\/pages\/3163"}],"collection":[{"href":"https:\/\/alvaromars.eu\/es\/wp-json\/wp\/v2\/pages"}],"about":[{"href":"https:\/\/alvaromars.eu\/es\/wp-json\/wp\/v2\/types\/page"}],"author":[{"embeddable":true,"href":"https:\/\/alvaromars.eu\/es\/wp-json\/wp\/v2\/users\/1"}],"replies":[{"embeddable":true,"href":"https:\/\/alvaromars.eu\/es\/wp-json\/wp\/v2\/comments?post=3163"}],"version-history":[{"count":22,"href":"https:\/\/alvaromars.eu\/es\/wp-json\/wp\/v2\/pages\/3163\/revisions"}],"predecessor-version":[{"id":4111,"href":"https:\/\/alvaromars.eu\/es\/wp-json\/wp\/v2\/pages\/3163\/revisions\/4111"}],"wp:attachment":[{"href":"https:\/\/alvaromars.eu\/es\/wp-json\/wp\/v2\/media?parent=3163"}],"curies":[{"name":"wp","href":"https:\/\/api.w.org\/{rel}","templated":true}]}}